{"id":58,"date":"2026-02-05T18:12:50","date_gmt":"2026-02-05T18:12:50","guid":{"rendered":"https:\/\/orthodox-karlsruhe.de\/?page_id=58"},"modified":"2026-02-05T19:23:13","modified_gmt":"2026-02-05T19:23:13","slug":"impressum","status":"publish","type":"page","link":"https:\/\/orthodox-karlsruhe.de\/rus\/impressum\/","title":{"rendered":"\u0412\u044b\u0445\u043e\u0434\u043d\u044b\u0435 \u0434\u0430\u043d\u043d\u044b\u0435"},"content":{"rendered":"<p>Angaben gem\u00e4\u00df \u00a7 5 TMG:<\/p>\n\n\n\n<p>Priester Oleg Kuchta<br>Russisch-Orthodoxe Kirchengemeinde zu Ehren der Hl. Apostel Petrus und Paulus e.V.\/Moskauer Patriarchat<br>R\u00f6hrigstr. 7<br>76437 Rastatt<\/p>\n\n\n\n<h3 class=\"wp-block-heading\">Kontakt:<\/h3>\n\n\n\n<p>Russisch-Orthodoxe Kirchengemeinde zu Ehren der Hl. Apostel Petrus und Paulus e.V.\/Moskauer Patriarchat<\/p>\n\n\n\n<p>R\u00f6hrigstr. 7<br>76437 Rastatt<\/p>\n\n\n\n<p>Telefon: +49 (0) 157 743 50 296<\/p>\n\n\n\n<p>E-Mail: prihod@orthodoxe-kirche-karlsruhe.de<\/p>\n\n\n\n<h3 class=\"wp-block-heading\">Verantwortlich f\u00fcr den Inhalt nach \u00a7 55 Abs. 2 RStV:<\/h3>\n\n\n\n<p>Olga Panikarovskich<br>Russisch-Orthodoxe Kirchengemeinde zu Ehren der Hl. Apostel Petrus und Paulus<br>R\u00f6hrigstr. 7<br>76437 Rastatt<\/p>\n\n\n\n<p>Quelle:&nbsp;<em>Impressum von e-recht24.de erzeugt.<\/em><\/p>\n\n\n\n<h3 class=\"wp-block-heading\">Haftungsausschluss:<\/h3>\n\n\n\n<p><strong>Haftung f\u00fcr Links<\/strong><\/p>\n\n\n\n<p>Unser Angebot enth\u00e4lt Links zu externen Webseiten Dritter, auf deren<br>Inhalte wir keinen Einfluss haben. Deshalb k\u00f6nnen wir f\u00fcr diese<br>fremden Inhalte auch keine Gew\u00e4hr \u00fcbernehmen. F\u00fcr die Inhalte<br>der verlinkten Seiten ist stets der jeweilige Anbieter oder Betreiber der<br>Seiten verantwortlich. Die verlinkten Seiten wurden zum Zeitpunkt der Verlinkung<br>auf m\u00f6gliche Rechtsverst\u00f6\u00dfe \u00fcberpr\u00fcft. Rechtswidrige<br>Inhalte waren zum Zeitpunkt der Verlinkung nicht erkennbar. Eine permanente<br>inhaltliche Kontrolle der verlinkten Seiten ist jedoch ohne konkrete Anhaltspunkte<br>einer Rechtsverletzung nicht zumutbar. Bei Bekanntwerden von Rechtsverletzungen<br>werden wir derartige Links umgehend entfernen.<\/p>\n\n\n\n<p><strong>Urheberrecht<\/strong><\/p>\n\n\n\n<p>Die durch die Seitenbetreiber erstellten Inhalte und Werke auf diesen Seiten<br>unterliegen dem deutschen Urheberrecht. Die Vervielf\u00e4ltigung, Bearbeitung, Verbreitung und<br>jede Art der Verwertung au\u00dferhalb der Grenzen des Urheberrechtes bed\u00fcrfen<br>der schriftlichen Zustimmung des jeweiligen Autors bzw. Erstellers. Downloads<br>und Kopien dieser Seite sind nur f\u00fcr den privaten, nicht kommerziellen<br>Gebrauch gestattet. Soweit die Inhalte auf dieser Seite nicht vom Betreiber erstellt wurden,<br>werden die Urheberrechte Dritter beachtet. Insbesondere werden Inhalte Dritter als solche<br>gekennzeichnet. Sollten Sie trotzdem auf eine Urheberrechtsverletzung aufmerksam werden, bitten wir um einen entsprechenden Hinweis.<br>Bei Bekanntwerden von Rechtsverletzungen werden wir derartige Inhalte umgehend entfernen.<\/p>\n\n\n\n<h3 class=\"wp-block-heading\">Verbraucherstreitbeilegung\/Universalschlichtungsstelle<\/h3>\n\n\n\n<p>Wir sind nicht bereit oder verpflichtet, an Streitbeilegungsverfahren vor einer<br>Verbraucherschlichtungsstelle teilzunehmen.<\/p>\n\n\n\n<p><strong>Datenschutzerkl\u00e4rung<\/strong><\/p>","protected":false},"excerpt":{"rendered":"<p>Angaben gem\u00e4\u00df \u00a7 5 TMG: Priester Oleg KuchtaRussisch-Orthodoxe Kirchengemeinde zu Ehren der Hl. Apostel Petrus und Paulus e.V.\/Moskauer PatriarchatR\u00f6hrigstr. 776437 Rastatt Kontakt: Russisch-Orthodoxe Kirchengemeinde zu Ehren der Hl. Apostel Petrus und Paulus e.V.\/Moskauer Patriarchat R\u00f6hrigstr. 776437 Rastatt Telefon: +49 (0) 157 743 50 296 E-Mail: prihod@orthodoxe-kirche-karlsruhe.de Verantwortlich f\u00fcr den Inhalt nach \u00a7 55 Abs. 2 [&hellip;]<\/p>\n","protected":false},"author":1,"featured_media":0,"parent":0,"menu_order":0,"comment_status":"closed","ping_status":"closed","template":"","meta":{"footnotes":""},"class_list":["post-58","page","type-page","status-publish","hentry"],"yoast_head":"<!-- This site is optimized with the Yoast SEO plugin v27.3 - https:\/\/yoast.com\/product\/yoast-seo-wordpress\/ -->\n<title>Impressum - Orthodoxe Kirchengemeinde zu Ehren der hl. Aposteln Petrus &amp; Paulus in Karlsruhe<\/title>\n<meta name=\"robots\" content=\"index, follow, max-snippet:-1, max-image-preview:large, max-video-preview:-1\" \/>\n<link rel=\"canonical\" href=\"http:\/\/orthodox-karlsruhe.de\/rus\/impressum\/\" \/>\n<meta property=\"og:locale\" content=\"ru_RU\" \/>\n<meta property=\"og:type\" content=\"article\" \/>\n<meta property=\"og:title\" content=\"Impressum - Orthodoxe Kirchengemeinde zu Ehren der hl. Aposteln Petrus &amp; Paulus in Karlsruhe\" \/>\n<meta property=\"og:description\" content=\"Angaben gem\u00e4\u00df \u00a7 5 TMG: Priester Oleg KuchtaRussisch-Orthodoxe Kirchengemeinde zu Ehren der Hl. Apostel Petrus und Paulus e.V.\/Moskauer PatriarchatR\u00f6hrigstr. 776437 Rastatt Kontakt: Russisch-Orthodoxe Kirchengemeinde zu Ehren der Hl. Apostel Petrus und Paulus e.V.\/Moskauer Patriarchat R\u00f6hrigstr. 776437 Rastatt Telefon: +49 (0) 157 743 50 296 E-Mail: prihod@orthodoxe-kirche-karlsruhe.de Verantwortlich f\u00fcr den Inhalt nach \u00a7 55 Abs. 2 [&hellip;]\" \/>\n<meta property=\"og:url\" content=\"http:\/\/orthodox-karlsruhe.de\/rus\/impressum\/\" \/>\n<meta property=\"og:site_name\" content=\"Orthodoxe Kirchengemeinde zu Ehren der hl. Aposteln Petrus &amp; Paulus in Karlsruhe\" \/>\n<meta property=\"article:modified_time\" content=\"2026-02-05T19:23:13+00:00\" \/>\n<meta name=\"twitter:card\" content=\"summary_large_image\" \/>\n<meta name=\"twitter:label1\" content=\"\u041f\u0440\u0438\u043c\u0435\u0440\u043d\u043e\u0435 \u0432\u0440\u0435\u043c\u044f \u0434\u043b\u044f \u0447\u0442\u0435\u043d\u0438\u044f\" \/>\n\t<meta name=\"twitter:data1\" content=\"1 \u043c\u0438\u043d\u0443\u0442\u0430\" \/>\n<script type=\"application\/ld+json\" class=\"yoast-schema-graph\">{\"@context\":\"https:\\\/\\\/schema.org\",\"@graph\":[{\"@type\":\"WebPage\",\"@id\":\"http:\\\/\\\/orthodox-karlsruhe.de\\\/impressum\\\/\",\"url\":\"http:\\\/\\\/orthodox-karlsruhe.de\\\/impressum\\\/\",\"name\":\"Impressum - Orthodoxe Kirchengemeinde zu Ehren der hl. Aposteln Petrus &amp; Paulus in Karlsruhe\",\"isPartOf\":{\"@id\":\"https:\\\/\\\/orthodox-karlsruhe.de\\\/rus\\\/#website\"},\"datePublished\":\"2026-02-05T18:12:50+00:00\",\"dateModified\":\"2026-02-05T19:23:13+00:00\",\"breadcrumb\":{\"@id\":\"http:\\\/\\\/orthodox-karlsruhe.de\\\/impressum\\\/#breadcrumb\"},\"inLanguage\":\"ru-RU\",\"potentialAction\":[{\"@type\":\"ReadAction\",\"target\":[\"http:\\\/\\\/orthodox-karlsruhe.de\\\/impressum\\\/\"]}]},{\"@type\":\"BreadcrumbList\",\"@id\":\"http:\\\/\\\/orthodox-karlsruhe.de\\\/impressum\\\/#breadcrumb\",\"itemListElement\":[{\"@type\":\"ListItem\",\"position\":1,\"name\":\"Start\",\"item\":\"https:\\\/\\\/orthodox-karlsruhe.de\\\/rus\\\/\"},{\"@type\":\"ListItem\",\"position\":2,\"name\":\"Impressum\"}]},{\"@type\":\"WebSite\",\"@id\":\"https:\\\/\\\/orthodox-karlsruhe.de\\\/rus\\\/#website\",\"url\":\"https:\\\/\\\/orthodox-karlsruhe.de\\\/rus\\\/\",\"name\":\"Orthodoxe Kirchengemeinde zu Ehren der hl. Aposteln Petrus &amp; Paulus in Karlsruhe\",\"description\":\"Just another WordPress site\",\"publisher\":{\"@id\":\"https:\\\/\\\/orthodox-karlsruhe.de\\\/rus\\\/#organization\"},\"potentialAction\":[{\"@type\":\"SearchAction\",\"target\":{\"@type\":\"EntryPoint\",\"urlTemplate\":\"https:\\\/\\\/orthodox-karlsruhe.de\\\/rus\\\/?s={search_term_string}\"},\"query-input\":{\"@type\":\"PropertyValueSpecification\",\"valueRequired\":true,\"valueName\":\"search_term_string\"}}],\"inLanguage\":\"ru-RU\"},{\"@type\":\"Organization\",\"@id\":\"https:\\\/\\\/orthodox-karlsruhe.de\\\/rus\\\/#organization\",\"name\":\"Orthodoxe Kirchengemeinde zu Ehren der hl. Aposteln Petrus &amp; Paulus in Karlsruhe\",\"url\":\"https:\\\/\\\/orthodox-karlsruhe.de\\\/rus\\\/\",\"logo\":{\"@type\":\"ImageObject\",\"inLanguage\":\"ru-RU\",\"@id\":\"https:\\\/\\\/orthodox-karlsruhe.de\\\/rus\\\/#\\\/schema\\\/logo\\\/image\\\/\",\"url\":\"https:\\\/\\\/orthodox-karlsruhe.de\\\/wp-content\\\/uploads\\\/2026\\\/02\\\/chiro_pictogram.png\",\"contentUrl\":\"https:\\\/\\\/orthodox-karlsruhe.de\\\/wp-content\\\/uploads\\\/2026\\\/02\\\/chiro_pictogram.png\",\"width\":152,\"height\":152,\"caption\":\"Orthodoxe Kirchengemeinde zu Ehren der hl. Aposteln Petrus &amp; Paulus in Karlsruhe\"},\"image\":{\"@id\":\"https:\\\/\\\/orthodox-karlsruhe.de\\\/rus\\\/#\\\/schema\\\/logo\\\/image\\\/\"}}]}<\/script>\n<!-- \/ Yoast SEO plugin. -->","yoast_head_json":{"title":"Impressum - Orthodoxe Kirchengemeinde zu Ehren der hl. Aposteln Petrus &amp; Paulus in Karlsruhe","robots":{"index":"index","follow":"follow","max-snippet":"max-snippet:-1","max-image-preview":"max-image-preview:large","max-video-preview":"max-video-preview:-1"},"canonical":"http:\/\/orthodox-karlsruhe.de\/rus\/impressum\/","og_locale":"ru_RU","og_type":"article","og_title":"Impressum - Orthodoxe Kirchengemeinde zu Ehren der hl. Aposteln Petrus &amp; Paulus in Karlsruhe","og_description":"Angaben gem\u00e4\u00df \u00a7 5 TMG: Priester Oleg KuchtaRussisch-Orthodoxe Kirchengemeinde zu Ehren der Hl. Apostel Petrus und Paulus e.V.\/Moskauer PatriarchatR\u00f6hrigstr. 776437 Rastatt Kontakt: Russisch-Orthodoxe Kirchengemeinde zu Ehren der Hl. Apostel Petrus und Paulus e.V.\/Moskauer Patriarchat R\u00f6hrigstr. 776437 Rastatt Telefon: +49 (0) 157 743 50 296 E-Mail: prihod@orthodoxe-kirche-karlsruhe.de Verantwortlich f\u00fcr den Inhalt nach \u00a7 55 Abs. 2 [&hellip;]","og_url":"http:\/\/orthodox-karlsruhe.de\/rus\/impressum\/","og_site_name":"Orthodoxe Kirchengemeinde zu Ehren der hl. Aposteln Petrus &amp; Paulus in Karlsruhe","article_modified_time":"2026-02-05T19:23:13+00:00","twitter_card":"summary_large_image","twitter_misc":{"\u041f\u0440\u0438\u043c\u0435\u0440\u043d\u043e\u0435 \u0432\u0440\u0435\u043c\u044f \u0434\u043b\u044f \u0447\u0442\u0435\u043d\u0438\u044f":"1 \u043c\u0438\u043d\u0443\u0442\u0430"},"schema":{"@context":"https:\/\/schema.org","@graph":[{"@type":"WebPage","@id":"http:\/\/orthodox-karlsruhe.de\/impressum\/","url":"http:\/\/orthodox-karlsruhe.de\/impressum\/","name":"Impressum - Orthodoxe Kirchengemeinde zu Ehren der hl. Aposteln Petrus &amp; Paulus in Karlsruhe","isPartOf":{"@id":"https:\/\/orthodox-karlsruhe.de\/rus\/#website"},"datePublished":"2026-02-05T18:12:50+00:00","dateModified":"2026-02-05T19:23:13+00:00","breadcrumb":{"@id":"http:\/\/orthodox-karlsruhe.de\/impressum\/#breadcrumb"},"inLanguage":"ru-RU","potentialAction":[{"@type":"ReadAction","target":["http:\/\/orthodox-karlsruhe.de\/impressum\/"]}]},{"@type":"BreadcrumbList","@id":"http:\/\/orthodox-karlsruhe.de\/impressum\/#breadcrumb","itemListElement":[{"@type":"ListItem","position":1,"name":"Start","item":"https:\/\/orthodox-karlsruhe.de\/rus\/"},{"@type":"ListItem","position":2,"name":"Impressum"}]},{"@type":"WebSite","@id":"https:\/\/orthodox-karlsruhe.de\/rus\/#website","url":"https:\/\/orthodox-karlsruhe.de\/rus\/","name":"\u041f\u0440\u0430\u0432\u043e\u0441\u043b\u0430\u0432\u043d\u044b\u0439 \u043f\u0440\u0438\u0445\u043e\u0434 \u0441\u0432. \u0430\u043f\u043e\u0441\u0442\u043e\u043b\u043e\u0432 \u041f\u0435\u0442\u0440\u0430 \u0438 \u041f\u0430\u0432\u043b\u0430 \u0432 \u041a\u0430\u0440\u043b\u0441\u0440\u0443\u044d","description":"Just another WordPress site","publisher":{"@id":"https:\/\/orthodox-karlsruhe.de\/rus\/#organization"},"potentialAction":[{"@type":"SearchAction","target":{"@type":"EntryPoint","urlTemplate":"https:\/\/orthodox-karlsruhe.de\/rus\/?s={search_term_string}"},"query-input":{"@type":"PropertyValueSpecification","valueRequired":true,"valueName":"search_term_string"}}],"inLanguage":"ru-RU"},{"@type":"Organization","@id":"https:\/\/orthodox-karlsruhe.de\/rus\/#organization","name":"\u041f\u0440\u0430\u0432\u043e\u0441\u043b\u0430\u0432\u043d\u044b\u0439 \u043f\u0440\u0438\u0445\u043e\u0434 \u0441\u0432. \u0430\u043f\u043e\u0441\u0442\u043e\u043b\u043e\u0432 \u041f\u0435\u0442\u0440\u0430 \u0438 \u041f\u0430\u0432\u043b\u0430 \u0432 \u041a\u0430\u0440\u043b\u0441\u0440\u0443\u044d","url":"https:\/\/orthodox-karlsruhe.de\/rus\/","logo":{"@type":"ImageObject","inLanguage":"ru-RU","@id":"https:\/\/orthodox-karlsruhe.de\/rus\/#\/schema\/logo\/image\/","url":"https:\/\/orthodox-karlsruhe.de\/wp-content\/uploads\/2026\/02\/chiro_pictogram.png","contentUrl":"https:\/\/orthodox-karlsruhe.de\/wp-content\/uploads\/2026\/02\/chiro_pictogram.png","width":152,"height":152,"caption":"Orthodoxe Kirchengemeinde zu Ehren der hl. Aposteln Petrus &amp; Paulus in Karlsruhe"},"image":{"@id":"https:\/\/orthodox-karlsruhe.de\/rus\/#\/schema\/logo\/image\/"}}]}},"_links":{"self":[{"href":"https:\/\/orthodox-karlsruhe.de\/rus\/wp-json\/wp\/v2\/pages\/58","targetHints":{"allow":["GET"]}}],"collection":[{"href":"https:\/\/orthodox-karlsruhe.de\/rus\/wp-json\/wp\/v2\/pages"}],"about":[{"href":"https:\/\/orthodox-karlsruhe.de\/rus\/wp-json\/wp\/v2\/types\/page"}],"author":[{"embeddable":true,"href":"https:\/\/orthodox-karlsruhe.de\/rus\/wp-json\/wp\/v2\/users\/1"}],"replies":[{"embeddable":true,"href":"https:\/\/orthodox-karlsruhe.de\/rus\/wp-json\/wp\/v2\/comments?post=58"}],"version-history":[{"count":3,"href":"https:\/\/orthodox-karlsruhe.de\/rus\/wp-json\/wp\/v2\/pages\/58\/revisions"}],"predecessor-version":[{"id":65,"href":"https:\/\/orthodox-karlsruhe.de\/rus\/wp-json\/wp\/v2\/pages\/58\/revisions\/65"}],"wp:attachment":[{"href":"https:\/\/orthodox-karlsruhe.de\/rus\/wp-json\/wp\/v2\/media?parent=58"}],"curies":[{"name":"wp","href":"https:\/\/api.w.org\/{rel}","templated":true}]}}